{"id":2086,"date":"2023-04-28T12:22:14","date_gmt":"2023-04-28T11:22:14","guid":{"rendered":"https:\/\/videostudio1.com\/video-emozionali\/"},"modified":"2025-02-26T12:32:46","modified_gmt":"2025-02-26T11:32:46","slug":"video-emozionali","status":"publish","type":"page","link":"https:\/\/videostudio1.com\/en\/video-emozionali\/","title":{"rendered":"Emotional Video Production"},"content":{"rendered":"\n<div class=\"wp-block-columns is-layout-flex wp-container-core-columns-is-layout-9d6595d7 wp-block-columns-is-layout-flex\">\n<div class=\"wp-block-column is-layout-flow wp-block-column-is-layout-flow\">\n<p><strong>Emotion<\/strong>, to get this feeling man does everything, some jump from a plane, some dance or some act in front of an audience. The emotional video <strong>is designed to<\/strong> give this, for example you can tell a story to surprise, its purpose is always to <strong>tell the emotion<\/strong>.<\/p>\n\n\n\n<h2 class=\"wp-block-heading\">Brand and emotion<\/h2>\n\n\n\n<p>The brand will be associated with the emotion we will feel, in the emotional video you must capture a <strong>message<\/strong> or an underlying idea <strong>that<\/strong> <strong>excites us<\/strong>.<\/p>\n<\/div>\n\n\n\n<div class=\"wp-block-column is-layout-flow wp-block-column-is-layout-flow\">\n<h2 class=\"wp-block-heading\">The soundtrack<\/h2>\n\n\n\n<p>Almost as much as the emotional images, the <strong>soundtrack<\/strong>, built with the <strong>right notes<\/strong>, contributes significantly. Often simple notes touch very intimate chords in people, sensitizing them enormously and making them capable of appreciating such <strong>emotional communication<\/strong>.<\/p>\n<\/div>\n<\/div>\n\n\n<ul class=\"wp-block-latest-posts__list is-grid columns-3 aligncenter wp-block-latest-posts has-text-color has-black-color has-medium-font-size\"><li><div class=\"wp-block-latest-posts__featured-image\"><a href=\"https:\/\/videostudio1.com\/en\/video-studio-1-your-image-is-our-story\/\" aria-label=\"Video Studio 1 &#8211; Your Image is Our Story\"><img loading=\"lazy\" decoding=\"async\" width=\"700\" height=\"394\" src=\"https:\/\/videostudio1.com\/wp-content\/uploads\/2026\/02\/VS1_vostra-immagine-nostra-storia.gif\" class=\"attachment-large size-large wp-post-image\" alt=\"\" style=\"\" \/><\/a><\/div><a class=\"wp-block-latest-posts__post-title\" href=\"https:\/\/videostudio1.com\/en\/video-studio-1-your-image-is-our-story\/\">Video Studio 1 &#8211; Your Image is Our Story<\/a><\/li>\n<li><div class=\"wp-block-latest-posts__featured-image\"><a href=\"https:\/\/videostudio1.com\/en\/ocmis-we-are-8-billions\/\" aria-label=\"OCMIS &#8211; We Are 8 Billions\"><img loading=\"lazy\" decoding=\"async\" width=\"600\" height=\"338\" src=\"https:\/\/videostudio1.com\/wp-content\/uploads\/2025\/09\/ocmis-emozionale.gif\" class=\"attachment-large size-large wp-post-image\" alt=\"\" style=\"\" \/><\/a><\/div><a class=\"wp-block-latest-posts__post-title\" href=\"https:\/\/videostudio1.com\/en\/ocmis-we-are-8-billions\/\">OCMIS &#8211; We Are 8 Billions<\/a><\/li>\n<li><div class=\"wp-block-latest-posts__featured-image\"><a href=\"https:\/\/videostudio1.com\/en\/snap-nt-emozionale\/\" aria-label=\"SNAP NT EMOTIONAL\"><img loading=\"lazy\" decoding=\"async\" width=\"600\" height=\"338\" src=\"https:\/\/videostudio1.com\/wp-content\/uploads\/2025\/05\/snap-nt-presentazione.gif\" class=\"attachment-large size-large wp-post-image\" alt=\"\" style=\"\" \/><\/a><\/div><a class=\"wp-block-latest-posts__post-title\" href=\"https:\/\/videostudio1.com\/en\/snap-nt-emozionale\/\">SNAP NT EMOTIONAL<\/a><\/li>\n<li><div class=\"wp-block-latest-posts__featured-image\"><a href=\"https:\/\/videostudio1.com\/en\/poptar\/\" aria-label=\"POPTAR\"><img loading=\"lazy\" decoding=\"async\" width=\"700\" height=\"394\" src=\"https:\/\/videostudio1.com\/wp-content\/uploads\/2025\/02\/poptar-aziendale.gif\" class=\"attachment-large size-large wp-post-image\" alt=\"Video Aziendale Emozionale dell&#039; azienda POPTAR di Formigine (Modena) che produce tastiere industriali\" style=\"\" \/><\/a><\/div><a class=\"wp-block-latest-posts__post-title\" href=\"https:\/\/videostudio1.com\/en\/poptar\/\">POPTAR<\/a><\/li>\n<li><div class=\"wp-block-latest-posts__featured-image\"><a href=\"https:\/\/videostudio1.com\/en\/cabol-emozionale\/\" aria-label=\"CABOL EMOTIONAL\"><img loading=\"lazy\" decoding=\"async\" width=\"600\" height=\"338\" src=\"https:\/\/videostudio1.com\/wp-content\/uploads\/2025\/02\/cabol-azienda-2023.gif\" class=\"attachment-large size-large wp-post-image\" alt=\"Video Emozionale per l&#039;azienda CABOL di Modena leader nel settore dell&#039;oleodinamica\" style=\"\" \/><\/a><\/div><a class=\"wp-block-latest-posts__post-title\" href=\"https:\/\/videostudio1.com\/en\/cabol-emozionale\/\">CABOL EMOTIONAL<\/a><\/li>\n<li><div class=\"wp-block-latest-posts__featured-image\"><a href=\"https:\/\/videostudio1.com\/en\/wellness-room-breno\/\" aria-label=\"WELLNESS ROOM BRENO\"><img loading=\"lazy\" decoding=\"async\" width=\"800\" height=\"450\" src=\"https:\/\/videostudio1.com\/wp-content\/uploads\/2025\/02\/video-breno.gif\" class=\"attachment-large size-large wp-post-image\" alt=\"Video presentazione della sala benessere dell\u2019Hotel Roccaverde in Val Camonica (BS), creata dall&#039;azienda Piscine Castiglione e raccontata da Video Studio 1.\" style=\"\" \/><\/a><\/div><a class=\"wp-block-latest-posts__post-title\" href=\"https:\/\/videostudio1.com\/en\/wellness-room-breno\/\">WELLNESS ROOM BRENO<\/a><\/li>\n<li><div class=\"wp-block-latest-posts__featured-image\"><a href=\"https:\/\/videostudio1.com\/en\/imalpal-video-institutional\/\" aria-label=\"IMALPAL GROUP &#8211; Corporate Video 2023\"><img loading=\"lazy\" decoding=\"async\" width=\"800\" height=\"450\" src=\"https:\/\/videostudio1.com\/wp-content\/uploads\/2023\/07\/IMALPALGROUP-Istituzionale-Emotional_2023.gif\" class=\"attachment-large size-large wp-post-image\" alt=\"IMALPAL GROUP San Damaso (MO) Video Istituzionale\" style=\"\" \/><\/a><\/div><a class=\"wp-block-latest-posts__post-title\" href=\"https:\/\/videostudio1.com\/en\/imalpal-video-institutional\/\">IMALPAL GROUP &#8211; Corporate Video 2023<\/a><\/li>\n<li><div class=\"wp-block-latest-posts__featured-image\"><a href=\"https:\/\/videostudio1.com\/en\/latterialacollina\/\" aria-label=\"Latteria La Collina &#8211; Emotional Video\"><img loading=\"lazy\" decoding=\"async\" width=\"650\" height=\"366\" src=\"https:\/\/videostudio1.com\/wp-content\/uploads\/2023\/07\/Caseificio-video_Latteria-La-Collina_2023.gif\" class=\"attachment-large size-large wp-post-image\" alt=\"Latteria La Collina Toano (RE) Video Emozionale alimentare Video Studio 1\" style=\"\" \/><\/a><\/div><a class=\"wp-block-latest-posts__post-title\" href=\"https:\/\/videostudio1.com\/en\/latterialacollina\/\">Latteria La Collina &#8211; Emotional Video<\/a><\/li>\n<li><div class=\"wp-block-latest-posts__featured-image\"><a href=\"https:\/\/videostudio1.com\/en\/dmc-srl\/\" aria-label=\"DMC srl\u00a0\"><img loading=\"lazy\" decoding=\"async\" width=\"800\" height=\"450\" src=\"https:\/\/videostudio1.com\/wp-content\/uploads\/2023\/05\/DMC_Video_Emozionale.gif\" class=\"attachment-large size-large wp-post-image\" alt=\"\" style=\"\" \/><\/a><\/div><a class=\"wp-block-latest-posts__post-title\" href=\"https:\/\/videostudio1.com\/en\/dmc-srl\/\">DMC srl\u00a0<\/a><\/li>\n<li><div class=\"wp-block-latest-posts__featured-image\"><a href=\"https:\/\/videostudio1.com\/en\/met\/\" aria-label=\"MET srl\"><img loading=\"lazy\" decoding=\"async\" width=\"700\" height=\"394\" src=\"https:\/\/videostudio1.com\/wp-content\/uploads\/2023\/05\/MET_video_emozionale_Videostudio1.gif\" class=\"attachment-large size-large wp-post-image\" alt=\"\" style=\"\" \/><\/a><\/div><a class=\"wp-block-latest-posts__post-title\" href=\"https:\/\/videostudio1.com\/en\/met\/\">MET srl<\/a><\/li>\n<li><div class=\"wp-block-latest-posts__featured-image\"><a href=\"https:\/\/videostudio1.com\/en\/azichem\/\" aria-label=\"Azichem\u00a0\"><img loading=\"lazy\" decoding=\"async\" width=\"800\" height=\"450\" src=\"https:\/\/videostudio1.com\/wp-content\/uploads\/2023\/05\/Azichem_Emotional_-produzione-video-studio1.gif\" class=\"attachment-large size-large wp-post-image\" alt=\"\" style=\"\" \/><\/a><\/div><a class=\"wp-block-latest-posts__post-title\" href=\"https:\/\/videostudio1.com\/en\/azichem\/\">Azichem\u00a0<\/a><\/li>\n<li><div class=\"wp-block-latest-posts__featured-image\"><a href=\"https:\/\/videostudio1.com\/en\/ocmis-emotional\/\" aria-label=\"Ocmis\"><img loading=\"lazy\" decoding=\"async\" width=\"700\" height=\"394\" src=\"https:\/\/videostudio1.com\/wp-content\/uploads\/2023\/05\/Videostudio1_Ocmis_emotional.gif\" class=\"attachment-large size-large wp-post-image\" alt=\"\" style=\"\" \/><\/a><\/div><a class=\"wp-block-latest-posts__post-title\" href=\"https:\/\/videostudio1.com\/en\/ocmis-emotional\/\">Ocmis<\/a><\/li>\n<\/ul>","protected":false},"excerpt":{"rendered":"<p>Il video emozionale \u00e8 studiato per dare emozione, si pu\u00f2 ad esempio raccontare una storia per sorprendere, il suo scopo \u00e8 sempre raccontare l\u2019emozione attorno al brand.<\/p>\n","protected":false},"author":1,"featured_media":0,"parent":0,"menu_order":0,"comment_status":"closed","ping_status":"closed","template":"","meta":{"_et_pb_use_builder":"off","_et_pb_old_content":"","_et_gb_content_width":"1080","footnotes":""},"class_list":["post-2086","page","type-page","status-publish","hentry"],"yoast_head":"<!-- This site is optimized with the Yoast SEO Premium plugin v21.2 (Yoast SEO v24.5) - https:\/\/yoast.com\/wordpress\/plugins\/seo\/ -->\n<title>Emotional Video Production &#8212; Video Studio 1<\/title>\n<meta name=\"description\" content=\"Il video emozionale \u00e8 studiato per emozionare, il suo scopo \u00e8 sempre raccontare l\u2019emozione attorno al brand.\" \/>\n<meta name=\"robots\" content=\"index, follow, max-snippet:-1, max-image-preview:large, max-video-preview:-1\" \/>\n<link rel=\"canonical\" href=\"https:\/\/videostudio1.com\/en\/video-emozionali\/\" \/>\n<meta property=\"og:locale\" content=\"en_US\" \/>\n<meta property=\"og:type\" content=\"article\" \/>\n<meta property=\"og:title\" content=\"Emotional Video Production Video Studio 1\" \/>\n<meta property=\"og:description\" content=\"Il video emozionale \u00e8 studiato per emozionare, il suo scopo \u00e8 sempre raccontare l\u2019emozione attorno al brand.\" \/>\n<meta property=\"og:url\" content=\"https:\/\/videostudio1.com\/en\/video-emozionali\/\" \/>\n<meta property=\"og:site_name\" content=\"Video Studio 1\" \/>\n<meta property=\"article:modified_time\" content=\"2025-02-26T11:32:46+00:00\" \/>\n<meta name=\"twitter:card\" content=\"summary_large_image\" \/>\n<meta name=\"twitter:label1\" content=\"Est. reading time\" \/>\n\t<meta name=\"twitter:data1\" content=\"1 minute\" \/>\n<script type=\"application\/ld+json\" class=\"yoast-schema-graph\">{\"@context\":\"https:\/\/schema.org\",\"@graph\":[{\"@type\":[\"WebPage\",\"CollectionPage\"],\"@id\":\"https:\/\/videostudio1.com\/en\/video-emozionali\/\",\"url\":\"https:\/\/videostudio1.com\/en\/video-emozionali\/\",\"name\":\"Emotional Video Production &#8212; Video Studio 1\",\"isPartOf\":{\"@id\":\"https:\/\/videostudio1.com\/en\/#website\"},\"datePublished\":\"2023-04-28T11:22:14+00:00\",\"dateModified\":\"2025-02-26T11:32:46+00:00\",\"description\":\"Il video emozionale \u00e8 studiato per emozionare, il suo scopo \u00e8 sempre raccontare l\u2019emozione attorno al brand.\",\"breadcrumb\":{\"@id\":\"https:\/\/videostudio1.com\/en\/video-emozionali\/#breadcrumb\"},\"inLanguage\":\"en-US\"},{\"@type\":\"BreadcrumbList\",\"@id\":\"https:\/\/videostudio1.com\/en\/video-emozionali\/#breadcrumb\",\"itemListElement\":[{\"@type\":\"ListItem\",\"position\":1,\"name\":\"Home\",\"item\":\"https:\/\/videostudio1.com\/en\/produzione-video-aziendali\/\"},{\"@type\":\"ListItem\",\"position\":2,\"name\":\"Emotional Video Production\"}]},{\"@type\":\"WebSite\",\"@id\":\"https:\/\/videostudio1.com\/en\/#website\",\"url\":\"https:\/\/videostudio1.com\/en\/\",\"name\":\"Video Studio 1 \u2014 La comunicazione per l'azienda\",\"description\":\"La comunicazione per l&#039;azienda\",\"publisher\":{\"@id\":\"https:\/\/videostudio1.com\/en\/#organization\"},\"alternateName\":\"Video Studio 1\",\"potentialAction\":[{\"@type\":\"SearchAction\",\"target\":{\"@type\":\"EntryPoint\",\"urlTemplate\":\"https:\/\/videostudio1.com\/en\/?s={search_term_string}\"},\"query-input\":{\"@type\":\"PropertyValueSpecification\",\"valueRequired\":true,\"valueName\":\"search_term_string\"}}],\"inLanguage\":\"en-US\"},{\"@type\":\"Organization\",\"@id\":\"https:\/\/videostudio1.com\/en\/#organization\",\"name\":\"Video Studio 1 \u2014 La comunicazione per l'azienda\",\"alternateName\":\"Video Studio 1\",\"url\":\"https:\/\/videostudio1.com\/en\/\",\"logo\":{\"@type\":\"ImageObject\",\"inLanguage\":\"en-US\",\"@id\":\"https:\/\/videostudio1.com\/en\/#\/schema\/logo\/image\/\",\"url\":\"https:\/\/videostudio1.com\/wp-content\/uploads\/2023\/04\/videostudio1_icon.png\",\"contentUrl\":\"https:\/\/videostudio1.com\/wp-content\/uploads\/2023\/04\/videostudio1_icon.png\",\"width\":256,\"height\":256,\"caption\":\"Video Studio 1 \u2014 La comunicazione per l'azienda\"},\"image\":{\"@id\":\"https:\/\/videostudio1.com\/en\/#\/schema\/logo\/image\/\"},\"sameAs\":[\"https:\/\/www.youtube.com\/videostudio1com\/videos\"]}]}<\/script>\n<!-- \/ Yoast SEO Premium plugin. -->","yoast_head_json":{"title":"Emotional Video Production &#8212; Video Studio 1","description":"Il video emozionale \u00e8 studiato per emozionare, il suo scopo \u00e8 sempre raccontare l\u2019emozione attorno al brand.","robots":{"index":"index","follow":"follow","max-snippet":"max-snippet:-1","max-image-preview":"max-image-preview:large","max-video-preview":"max-video-preview:-1"},"canonical":"https:\/\/videostudio1.com\/en\/video-emozionali\/","og_locale":"en_US","og_type":"article","og_title":"Emotional Video Production Video Studio 1","og_description":"Il video emozionale \u00e8 studiato per emozionare, il suo scopo \u00e8 sempre raccontare l\u2019emozione attorno al brand.","og_url":"https:\/\/videostudio1.com\/en\/video-emozionali\/","og_site_name":"Video Studio 1","article_modified_time":"2025-02-26T11:32:46+00:00","twitter_card":"summary_large_image","twitter_misc":{"Est. reading time":"1 minute"},"schema":{"@context":"https:\/\/schema.org","@graph":[{"@type":["WebPage","CollectionPage"],"@id":"https:\/\/videostudio1.com\/en\/video-emozionali\/","url":"https:\/\/videostudio1.com\/en\/video-emozionali\/","name":"Emotional Video Production &#8212; Video Studio 1","isPartOf":{"@id":"https:\/\/videostudio1.com\/en\/#website"},"datePublished":"2023-04-28T11:22:14+00:00","dateModified":"2025-02-26T11:32:46+00:00","description":"Il video emozionale \u00e8 studiato per emozionare, il suo scopo \u00e8 sempre raccontare l\u2019emozione attorno al brand.","breadcrumb":{"@id":"https:\/\/videostudio1.com\/en\/video-emozionali\/#breadcrumb"},"inLanguage":"en-US"},{"@type":"BreadcrumbList","@id":"https:\/\/videostudio1.com\/en\/video-emozionali\/#breadcrumb","itemListElement":[{"@type":"ListItem","position":1,"name":"Home","item":"https:\/\/videostudio1.com\/en\/produzione-video-aziendali\/"},{"@type":"ListItem","position":2,"name":"Emotional Video Production"}]},{"@type":"WebSite","@id":"https:\/\/videostudio1.com\/en\/#website","url":"https:\/\/videostudio1.com\/en\/","name":"Video Studio 1 \u2014 La comunicazione per l'azienda","description":"La comunicazione per l&#039;azienda","publisher":{"@id":"https:\/\/videostudio1.com\/en\/#organization"},"alternateName":"Video Studio 1","potentialAction":[{"@type":"SearchAction","target":{"@type":"EntryPoint","urlTemplate":"https:\/\/videostudio1.com\/en\/?s={search_term_string}"},"query-input":{"@type":"PropertyValueSpecification","valueRequired":true,"valueName":"search_term_string"}}],"inLanguage":"en-US"},{"@type":"Organization","@id":"https:\/\/videostudio1.com\/en\/#organization","name":"Video Studio 1 \u2014 La comunicazione per l'azienda","alternateName":"Video Studio 1","url":"https:\/\/videostudio1.com\/en\/","logo":{"@type":"ImageObject","inLanguage":"en-US","@id":"https:\/\/videostudio1.com\/en\/#\/schema\/logo\/image\/","url":"https:\/\/videostudio1.com\/wp-content\/uploads\/2023\/04\/videostudio1_icon.png","contentUrl":"https:\/\/videostudio1.com\/wp-content\/uploads\/2023\/04\/videostudio1_icon.png","width":256,"height":256,"caption":"Video Studio 1 \u2014 La comunicazione per l'azienda"},"image":{"@id":"https:\/\/videostudio1.com\/en\/#\/schema\/logo\/image\/"},"sameAs":["https:\/\/www.youtube.com\/videostudio1com\/videos"]}]}},"_links":{"self":[{"href":"https:\/\/videostudio1.com\/en\/wp-json\/wp\/v2\/pages\/2086","targetHints":{"allow":["GET"]}}],"collection":[{"href":"https:\/\/videostudio1.com\/en\/wp-json\/wp\/v2\/pages"}],"about":[{"href":"https:\/\/videostudio1.com\/en\/wp-json\/wp\/v2\/types\/page"}],"author":[{"embeddable":true,"href":"https:\/\/videostudio1.com\/en\/wp-json\/wp\/v2\/users\/1"}],"replies":[{"embeddable":true,"href":"https:\/\/videostudio1.com\/en\/wp-json\/wp\/v2\/comments?post=2086"}],"version-history":[{"count":3,"href":"https:\/\/videostudio1.com\/en\/wp-json\/wp\/v2\/pages\/2086\/revisions"}],"predecessor-version":[{"id":2091,"href":"https:\/\/videostudio1.com\/en\/wp-json\/wp\/v2\/pages\/2086\/revisions\/2091"}],"wp:attachment":[{"href":"https:\/\/videostudio1.com\/en\/wp-json\/wp\/v2\/media?parent=2086"}],"curies":[{"name":"wp","href":"https:\/\/api.w.org\/{rel}","templated":true}]}}